{"id":360,"date":"2025-05-09T23:18:50","date_gmt":"2025-05-09T23:18:50","guid":{"rendered":"https:\/\/www.mattsa.com.mx\/wpn\/?page_id=360"},"modified":"2025-07-08T16:06:56","modified_gmt":"2025-07-08T16:06:56","slug":"hornos-de-banda-2","status":"publish","type":"page","link":"https:\/\/www.mattsa.com.mx\/wpn\/hornos-de-banda-2\/","title":{"rendered":"Horno Rotatorio"},"content":{"rendered":"\n<style type=\"text\/css\" data-created_by=\"avia_inline_auto\" id=\"style-css-av-mafuhvsx-0bc9c4aacca2b13567b68ee35fafb1f5\">\n.avia-section.av-mafuhvsx-0bc9c4aacca2b13567b68ee35fafb1f5 .av-parallax .av-parallax-inner{\nbackground-repeat:no-repeat;\nbackground-image:url(https:\/\/www.mattsa.com.mx\/wpn\/wp-content\/uploads\/2025\/05\/rotary-1.png);\nbackground-position:50% 50%;\nbackground-attachment:scroll;\n}\n<\/style>\n<div id='av_section_1'  class='avia-section av-mafuhvsx-0bc9c4aacca2b13567b68ee35fafb1f5 main_color avia-section-default avia-no-border-styling  avia-builder-el-0  el_before_av_section  avia-builder-el-first  av-parallax-section avia-bg-style-parallax av-minimum-height av-minimum-height-75 av-height-75  container_wrap sidebar_right'  data-section-bg-repeat='no-repeat' data-av_minimum_height_pc='75' data-av_min_height_opt='75'><div class='av-parallax' data-avia-parallax-ratio='0.3' ><div class='av-parallax-inner main_color avia-full-stretch'><\/div><\/div><div class='container av-section-cont-open' ><main  role=\"main\" itemprop=\"mainContentOfPage\"  class='template-page content  av-content-small alpha units'><div class='post-entry post-entry-type-page post-entry-360'><div class='entry-content-wrapper clearfix'>\n<\/div><\/div><\/main><!-- close content main element --><\/div><\/div>\n<style type=\"text\/css\" data-created_by=\"avia_inline_auto\" id=\"style-css-av-b6yd5-9cefa4c0ae8828b2d1fc4598058215fd\">\n.avia-section.av-b6yd5-9cefa4c0ae8828b2d1fc4598058215fd .av-parallax .av-parallax-inner{\nbackground-repeat:no-repeat;\nbackground-image:url(https:\/\/www.mattsa.com.mx\/wpn\/wp-content\/uploads\/2025\/05\/Contactanos-m.jpg);\nbackground-position:50% 50%;\nbackground-attachment:scroll;\n}\n<\/style>\n<div id='av_section_2'  class='avia-section av-b6yd5-9cefa4c0ae8828b2d1fc4598058215fd main_color avia-section-default avia-no-border-styling  avia-builder-el-1  el_after_av_section  el_before_av_one_fifth  av-parallax-section avia-bg-style-parallax av-minimum-height av-minimum-height-25 av-height-25  container_wrap sidebar_right'  data-section-bg-repeat='no-repeat' data-av_minimum_height_pc='25' data-av_min_height_opt='25'><div class='av-parallax' data-avia-parallax-ratio='0.3' ><div class='av-parallax-inner main_color avia-full-stretch'><\/div><\/div><div class='container av-section-cont-open' ><div class='template-page content  av-content-small alpha units'><div class='post-entry post-entry-type-page post-entry-360'><div class='entry-content-wrapper clearfix'>\n\n<style type=\"text\/css\" data-created_by=\"avia_inline_auto\" id=\"style-css-av-mafu8h4a-1239f9c673f5d93bb2a2f97988c0c698\">\n#top .av-special-heading.av-mafu8h4a-1239f9c673f5d93bb2a2f97988c0c698{\npadding-bottom:10px;\ncolor:#ffffff;\nfont-size:45px;\n}\nbody .av-special-heading.av-mafu8h4a-1239f9c673f5d93bb2a2f97988c0c698 .av-special-heading-tag .heading-char{\nfont-size:25px;\n}\n#top #wrap_all .av-special-heading.av-mafu8h4a-1239f9c673f5d93bb2a2f97988c0c698 .av-special-heading-tag{\nfont-size:45px;\n}\n.av-special-heading.av-mafu8h4a-1239f9c673f5d93bb2a2f97988c0c698 .special-heading-inner-border{\nborder-color:#ffffff;\n}\n.av-special-heading.av-mafu8h4a-1239f9c673f5d93bb2a2f97988c0c698 .av-subheading{\nfont-size:20px;\n}\n\n@media only screen and (min-width: 480px) and (max-width: 767px){ \n#top #wrap_all .av-special-heading.av-mafu8h4a-1239f9c673f5d93bb2a2f97988c0c698 .av-special-heading-tag{\nfont-size:0.8em;\n}\n}\n\n@media only screen and (max-width: 479px){ \n#top #wrap_all .av-special-heading.av-mafu8h4a-1239f9c673f5d93bb2a2f97988c0c698 .av-special-heading-tag{\nfont-size:0.8em;\n}\n}\n<\/style>\n<div  class='av-special-heading av-mafu8h4a-1239f9c673f5d93bb2a2f97988c0c698 av-special-heading-h1 custom-color-heading blockquote modern-quote modern-centered  avia-builder-el-2  avia-builder-el-no-sibling  av-inherit-size'><h1 class='av-special-heading-tag '  itemprop=\"headline\"  > \tHorno Rotatorio<\/h1><div class='av_custom_color av-subheading av-subheading_below'><p>Eficiencia y Versatilidad en Tratamientos T\u00e9rmicos<\/p>\n<\/div><div class=\"special-heading-border\"><div class=\"special-heading-inner-border\"><\/div><\/div><\/div>\n<\/div><\/div><\/div><!-- close content main div --><\/div><\/div><div id='after_section_2'  class='main_color av_default_container_wrap container_wrap sidebar_right'  ><div class='container av-section-cont-open' ><div class='template-page content  av-content-small alpha units'><div class='post-entry post-entry-type-page post-entry-360'><div class='entry-content-wrapper clearfix'>\n<div  class='flex_column av-1taf5t-9333ec6070a0506f5c73bd2759f830ea av_one_fifth  avia-builder-el-3  el_after_av_section  el_before_av_three_fifth  avia-builder-el-first  first flex_column_div  '     ><\/div>\n<div  class='flex_column av-5tvqx-4bcab00496f052403b76f2e3dba5e51b av_three_fifth  avia-builder-el-4  el_after_av_one_fifth  el_before_av_one_fifth  flex_column_div  '     ><style type=\"text\/css\" data-created_by=\"avia_inline_auto\" id=\"style-css-av-mafuvorh-f6b46f8e2695ff786b51a92014eb134d\">\n#top .av_textblock_section.av-mafuvorh-f6b46f8e2695ff786b51a92014eb134d .avia_textblock{\nfont-size:23px;\n}\n<\/style>\n<section  class='av_textblock_section av-mafuvorh-f6b46f8e2695ff786b51a92014eb134d '   itemscope=\"itemscope\" itemtype=\"https:\/\/schema.org\/CreativeWork\" ><div class='avia_textblock'  itemprop=\"text\" ><p style=\"text-align: center;\">Los hornos rotatorios de Mattsa utilizan el movimiento continuo de la c\u00e1mara rotativa para lograr una mezcla homog\u00e9nea y una exposici\u00f3n t\u00e9rmica uniforme en todas las superficies de las piezas. Esta rotaci\u00f3n constante mejora la eficiencia del tratamiento, evita aglomeraciones y es ideal para procesar partes sueltas o de geometr\u00eda compleja que requieren calentamiento parejo en ciclos continuos.<\/p>\n<\/div><\/section><\/div><div  class='flex_column av-1hj71t-1ca1552d878a1574cd7de376361ec613 av_one_fifth  avia-builder-el-6  el_after_av_three_fifth  el_before_av_one_half  flex_column_div  '     ><\/div><\/p>\n<div  class='flex_column av-1ayctd-ea1415b816f306d403f6ecda9a478b8a av_one_half  avia-builder-el-7  el_after_av_one_fifth  el_before_av_one_half  first flex_column_div  column-top-margin'     ><p><div  class='avia-slideshow av-mafv3vla-6f2312997e5cf3f5a3840c4b13b4a704 avia-slideshow-no scaling av_slideshow avia-slide-slider  avia-builder-el-8  el_before_av_hr  avia-builder-el-first  av-slideshow-ui av-control-default av-slideshow-autoplay av-loop-endless av-loop-manual-endless av-default-height-applied avia-slideshow-1' data-slideshow-options=\"{&quot;animation&quot;:&quot;slide&quot;,&quot;autoplay&quot;:true,&quot;loop_autoplay&quot;:&quot;endless&quot;,&quot;interval&quot;:5,&quot;loop_manual&quot;:&quot;manual-endless&quot;,&quot;autoplay_stopper&quot;:false,&quot;noNavigation&quot;:false,&quot;bg_slider&quot;:false,&quot;keep_padding&quot;:false,&quot;hoverpause&quot;:false,&quot;show_slide_delay&quot;:0}\"  itemprop=\"image\" itemscope=\"itemscope\" itemtype=\"https:\/\/schema.org\/ImageObject\" ><ul class='avia-slideshow-inner ' style='padding-bottom: 56.25%;'><li  class='avia-slideshow-slide av-mafv3vla-6f2312997e5cf3f5a3840c4b13b4a704__0  slide-1 slide-odd'><div data-rel='slideshow-1' class='avia-slide-wrap '   ><img decoding=\"async\" fetchpriority=\"high\" class=\"wp-image-413 avia-img-lazy-loading-not-413\"  src=\"https:\/\/www.mattsa.com.mx\/wpn\/wp-content\/uploads\/2025\/05\/01_horno_rotatorio_sitio_mattasa.png\" width=\"1920\" height=\"1080\" title='01_horno_rotatorio_sitio_mattasa' alt=''  itemprop=\"thumbnailUrl\" srcset=\"https:\/\/www.mattsa.com.mx\/wpn\/wp-content\/uploads\/2025\/05\/01_horno_rotatorio_sitio_mattasa.png 1920w, https:\/\/www.mattsa.com.mx\/wpn\/wp-content\/uploads\/2025\/05\/01_horno_rotatorio_sitio_mattasa-300x169.png 300w, https:\/\/www.mattsa.com.mx\/wpn\/wp-content\/uploads\/2025\/05\/01_horno_rotatorio_sitio_mattasa-1030x579.png 1030w, https:\/\/www.mattsa.com.mx\/wpn\/wp-content\/uploads\/2025\/05\/01_horno_rotatorio_sitio_mattasa-768x432.png 768w, https:\/\/www.mattsa.com.mx\/wpn\/wp-content\/uploads\/2025\/05\/01_horno_rotatorio_sitio_mattasa-1536x864.png 1536w, https:\/\/www.mattsa.com.mx\/wpn\/wp-content\/uploads\/2025\/05\/01_horno_rotatorio_sitio_mattasa-1500x844.png 1500w, https:\/\/www.mattsa.com.mx\/wpn\/wp-content\/uploads\/2025\/05\/01_horno_rotatorio_sitio_mattasa-705x397.png 705w\" sizes=\"(max-width: 1920px) 100vw, 1920px\" \/><\/div><\/li><li  class='avia-slideshow-slide av-mafv3vla-6f2312997e5cf3f5a3840c4b13b4a704__1  slide-2 slide-even'><div data-rel='slideshow-1' class='avia-slide-wrap '   ><img decoding=\"async\" fetchpriority=\"high\" class=\"wp-image-414 avia-img-lazy-loading-not-414\"  src=\"https:\/\/www.mattsa.com.mx\/wpn\/wp-content\/uploads\/2025\/05\/02_horno_rotatorio_sitio_mattasa.png\" width=\"1920\" height=\"1080\" title='02_horno_rotatorio_sitio_mattasa' alt=''  itemprop=\"thumbnailUrl\" srcset=\"https:\/\/www.mattsa.com.mx\/wpn\/wp-content\/uploads\/2025\/05\/02_horno_rotatorio_sitio_mattasa.png 1920w, https:\/\/www.mattsa.com.mx\/wpn\/wp-content\/uploads\/2025\/05\/02_horno_rotatorio_sitio_mattasa-300x169.png 300w, https:\/\/www.mattsa.com.mx\/wpn\/wp-content\/uploads\/2025\/05\/02_horno_rotatorio_sitio_mattasa-1030x579.png 1030w, https:\/\/www.mattsa.com.mx\/wpn\/wp-content\/uploads\/2025\/05\/02_horno_rotatorio_sitio_mattasa-768x432.png 768w, https:\/\/www.mattsa.com.mx\/wpn\/wp-content\/uploads\/2025\/05\/02_horno_rotatorio_sitio_mattasa-1536x864.png 1536w, https:\/\/www.mattsa.com.mx\/wpn\/wp-content\/uploads\/2025\/05\/02_horno_rotatorio_sitio_mattasa-1500x844.png 1500w, https:\/\/www.mattsa.com.mx\/wpn\/wp-content\/uploads\/2025\/05\/02_horno_rotatorio_sitio_mattasa-705x397.png 705w\" sizes=\"(max-width: 1920px) 100vw, 1920px\" \/><\/div><\/li><li  class='avia-slideshow-slide av-mafv3vla-6f2312997e5cf3f5a3840c4b13b4a704__2  slide-3 slide-odd'><div data-rel='slideshow-1' class='avia-slide-wrap '   ><img decoding=\"async\" fetchpriority=\"high\" class=\"wp-image-415 avia-img-lazy-loading-not-415\"  src=\"https:\/\/www.mattsa.com.mx\/wpn\/wp-content\/uploads\/2025\/05\/03_horno_rotatorio_sitio_mattasa.jpg\" width=\"1920\" height=\"1080\" title='03_horno_rotatorio_sitio_mattasa' alt=''  itemprop=\"thumbnailUrl\" srcset=\"https:\/\/www.mattsa.com.mx\/wpn\/wp-content\/uploads\/2025\/05\/03_horno_rotatorio_sitio_mattasa.jpg 1920w, https:\/\/www.mattsa.com.mx\/wpn\/wp-content\/uploads\/2025\/05\/03_horno_rotatorio_sitio_mattasa-300x169.jpg 300w, https:\/\/www.mattsa.com.mx\/wpn\/wp-content\/uploads\/2025\/05\/03_horno_rotatorio_sitio_mattasa-1030x579.jpg 1030w, https:\/\/www.mattsa.com.mx\/wpn\/wp-content\/uploads\/2025\/05\/03_horno_rotatorio_sitio_mattasa-768x432.jpg 768w, https:\/\/www.mattsa.com.mx\/wpn\/wp-content\/uploads\/2025\/05\/03_horno_rotatorio_sitio_mattasa-1536x864.jpg 1536w, https:\/\/www.mattsa.com.mx\/wpn\/wp-content\/uploads\/2025\/05\/03_horno_rotatorio_sitio_mattasa-1500x844.jpg 1500w, https:\/\/www.mattsa.com.mx\/wpn\/wp-content\/uploads\/2025\/05\/03_horno_rotatorio_sitio_mattasa-705x397.jpg 705w\" sizes=\"(max-width: 1920px) 100vw, 1920px\" \/><\/div><\/li><\/ul><div class='avia-slideshow-arrows avia-slideshow-controls' ><a href='#prev' class='prev-slide  avia-svg-icon avia-font-svg_entypo-fontello' data-av_svg_icon='left-open-big' data-av_iconset='svg_entypo-fontello' tabindex='-1' title=\"Anterior\"><svg version=\"1.1\" xmlns=\"http:\/\/www.w3.org\/2000\/svg\" width=\"15\" height=\"32\" viewBox=\"0 0 15 32\" preserveAspectRatio=\"xMidYMid meet\" aria-labelledby='av-svg-title-1' aria-describedby='av-svg-desc-1' role=\"graphics-symbol\" aria-hidden=\"true\">\n<title id='av-svg-title-1'>Anterior<\/title>\n<desc id='av-svg-desc-1'>Anterior<\/desc>\n<path d=\"M14.464 27.84q0.832 0.832 0 1.536-0.832 0.832-1.536 0l-12.544-12.608q-0.768-0.768 0-1.6l12.544-12.608q0.704-0.832 1.536 0 0.832 0.704 0 1.536l-11.456 11.904z\"><\/path>\n<\/svg><span class='avia_hidden_link_text'>Anterior<\/span><\/a><a href='#next' class='next-slide  avia-svg-icon avia-font-svg_entypo-fontello' data-av_svg_icon='right-open-big' data-av_iconset='svg_entypo-fontello' tabindex='-1' title=\"Posterior\"><svg version=\"1.1\" xmlns=\"http:\/\/www.w3.org\/2000\/svg\" width=\"15\" height=\"32\" viewBox=\"0 0 15 32\" preserveAspectRatio=\"xMidYMid meet\" aria-labelledby='av-svg-title-2' aria-describedby='av-svg-desc-2' role=\"graphics-symbol\" aria-hidden=\"true\">\n<title id='av-svg-title-2'>Posterior<\/title>\n<desc id='av-svg-desc-2'>Posterior<\/desc>\n<path d=\"M0.416 27.84l11.456-11.84-11.456-11.904q-0.832-0.832 0-1.536 0.832-0.832 1.536 0l12.544 12.608q0.768 0.832 0 1.6l-12.544 12.608q-0.704 0.832-1.536 0-0.832-0.704 0-1.536z\"><\/path>\n<\/svg><span class='avia_hidden_link_text'>Posterior<\/span><\/a><\/div><div class='avia-slideshow-dots avia-slideshow-controls'><a href='#1' class='goto-slide active' >1<\/a><a href='#2' class='goto-slide ' >2<\/a><a href='#3' class='goto-slide ' >3<\/a><\/div><\/div><br \/>\n\n<style type=\"text\/css\" data-created_by=\"avia_inline_auto\" id=\"style-css-av-mafvs7xy-2e8dbc4ab36feea7220794fee6c495cd\">\n.hr.av-mafvs7xy-2e8dbc4ab36feea7220794fee6c495cd .hr-inner{\nwidth:40%;\nborder-color:#ad1735;\n}\n<\/style>\n<div  class='hr av-mafvs7xy-2e8dbc4ab36feea7220794fee6c495cd hr-custom  avia-builder-el-9  el_after_av_slideshow  avia-builder-el-last  hr-right hr-icon-no'><span class='hr-inner inner-border-av-border-fat'><span class=\"hr-inner-style\"><\/span><\/span><\/div><\/p><\/div>\n<div  class='flex_column av-ncrxt-a09903435c71ed8301ff831914c7a54e av_one_half  avia-builder-el-10  el_after_av_one_half  el_before_av_section  avia-builder-el-last  flex_column_div  column-top-margin'     ><p>\n<style type=\"text\/css\" data-created_by=\"avia_inline_auto\" id=\"style-css-av-mafv6n22-948f28fbed03b6c511e182b7895dfd1a\">\n#top .av-special-heading.av-mafv6n22-948f28fbed03b6c511e182b7895dfd1a{\npadding-bottom:10px;\nfont-size:25px;\n}\nbody .av-special-heading.av-mafv6n22-948f28fbed03b6c511e182b7895dfd1a .av-special-heading-tag .heading-char{\nfont-size:25px;\n}\n#top #wrap_all .av-special-heading.av-mafv6n22-948f28fbed03b6c511e182b7895dfd1a .av-special-heading-tag{\nfont-size:25px;\n}\n.av-special-heading.av-mafv6n22-948f28fbed03b6c511e182b7895dfd1a .av-subheading{\nfont-size:15px;\n}\n\n@media only screen and (min-width: 480px) and (max-width: 767px){ \n#top #wrap_all .av-special-heading.av-mafv6n22-948f28fbed03b6c511e182b7895dfd1a .av-special-heading-tag{\nfont-size:0.8em;\n}\n}\n\n@media only screen and (max-width: 479px){ \n#top #wrap_all .av-special-heading.av-mafv6n22-948f28fbed03b6c511e182b7895dfd1a .av-special-heading-tag{\nfont-size:0.8em;\n}\n}\n<\/style>\n<div  class='av-special-heading av-mafv6n22-948f28fbed03b6c511e182b7895dfd1a av-special-heading-h3 blockquote modern-quote  avia-builder-el-11  el_before_av_textblock  avia-builder-el-first  av-inherit-size'><h3 class='av-special-heading-tag '  itemprop=\"headline\"  >CARACTER\u00cdSTICAS PRINCIPALES<\/h3><div class=\"special-heading-border\"><div class=\"special-heading-inner-border\"><\/div><\/div><\/div><br \/>\n\n<style type=\"text\/css\" data-created_by=\"avia_inline_auto\" id=\"style-css-av-mafuwy5m-7572d209db6ce47d530b02643793fc2b\">\n#top .av_textblock_section.av-mafuwy5m-7572d209db6ce47d530b02643793fc2b .avia_textblock{\nfont-size:18px;\n}\n<\/style>\n<section  class='av_textblock_section av-mafuwy5m-7572d209db6ce47d530b02643793fc2b '   itemscope=\"itemscope\" itemtype=\"https:\/\/schema.org\/CreativeWork\" ><div class='avia_textblock'  itemprop=\"text\" ><ul>\n<li>Rotaci\u00f3n constante para <strong>homogenizaci\u00f3n t\u00e9rmica<\/strong><\/li>\n<li class=\"li1\">Alta eficiencia<strong> t\u00e9rmica<\/strong><\/li>\n<li class=\"li1\">Alimentaci\u00f3n y descarga <strong>continua<\/strong><\/li>\n<\/ul>\n<\/div><\/section><\/p><\/div>\n<\/div><\/div><\/div><!-- close content main div --><\/div><\/div>\n<style type=\"text\/css\" data-created_by=\"avia_inline_auto\" id=\"style-css-av-mafvazpb-6ac72502ca923fca91788de173ad334d\">\n.avia-section.av-mafvazpb-6ac72502ca923fca91788de173ad334d .av-parallax .av-parallax-inner{\nbackground-repeat:no-repeat;\nbackground-image:url(https:\/\/www.mattsa.com.mx\/wpn\/wp-content\/uploads\/2025\/05\/Fondo-M-1.png);\nbackground-position:0% 0%;\nbackground-attachment:scroll;\n}\n.avia-section.av-mafvazpb-6ac72502ca923fca91788de173ad334d .av-section-color-overlay{\nopacity:0.5;\nbackground-color:#efefef;\n}\n<\/style>\n<div id='av_section_3'  class='avia-section av-mafvazpb-6ac72502ca923fca91788de173ad334d main_color avia-section-default avia-no-border-styling  avia-builder-el-13  el_after_av_one_half  avia-builder-el-last  av-parallax-section avia-bg-style-parallax av-section-color-overlay-active container_wrap sidebar_right'  data-section-bg-repeat='no-repeat'><div class='av-parallax' data-avia-parallax-ratio='0.3' ><div class='av-parallax-inner main_color avia-full-stretch'><\/div><\/div><div class=\"av-section-color-overlay-wrap\"><div class=\"av-section-color-overlay\"><\/div><div class='container av-section-cont-open' ><div class='template-page content  av-content-small alpha units'><div class='post-entry post-entry-type-page post-entry-360'><div class='entry-content-wrapper clearfix'>\n<div  class='flex_column av-gho3t-eae1a0ecf36d0355772b6856e9198d8f av_one_half  avia-builder-el-14  el_before_av_one_half  avia-builder-el-first  first flex_column_div  '     ><p>\n<style type=\"text\/css\" data-created_by=\"avia_inline_auto\" id=\"style-css-av-mafvfp76-2753d0d341d834abda9b62a9ea649835\">\n.avia-image-container.av-mafvfp76-2753d0d341d834abda9b62a9ea649835 img.avia_image{\nbox-shadow:none;\n}\n.avia-image-container.av-mafvfp76-2753d0d341d834abda9b62a9ea649835 .av-image-caption-overlay-center{\ncolor:#ffffff;\n}\n<\/style>\n<div  class='avia-image-container av-mafvfp76-2753d0d341d834abda9b62a9ea649835 av-styling- avia-align-center  avia-builder-el-15  el_before_av_heading  avia-builder-el-first '   itemprop=\"image\" itemscope=\"itemscope\" itemtype=\"https:\/\/schema.org\/ImageObject\" ><div class=\"avia-image-container-inner\"><div class=\"avia-image-overlay-wrap\"><img decoding=\"async\" fetchpriority=\"high\" class='wp-image-264 avia-img-lazy-loading-not-264 avia_image ' src=\"https:\/\/www.mattsa.com.mx\/wpn\/wp-content\/uploads\/2025\/05\/cOMPATIBLES.png\" alt='' title='cOMPATIBLES'  height=\"85\" width=\"125\"  itemprop=\"thumbnailUrl\"  \/><\/div><\/div><\/div><br \/>\n\n<style type=\"text\/css\" data-created_by=\"avia_inline_auto\" id=\"style-css-av-mafv9ky2-282e5da7a526cee942f2193c28ae96d7\">\n#top .av-special-heading.av-mafv9ky2-282e5da7a526cee942f2193c28ae96d7{\npadding-bottom:10px;\ncolor:#ad1735;\nfont-size:25px;\n}\nbody .av-special-heading.av-mafv9ky2-282e5da7a526cee942f2193c28ae96d7 .av-special-heading-tag .heading-char{\nfont-size:25px;\n}\n#top #wrap_all .av-special-heading.av-mafv9ky2-282e5da7a526cee942f2193c28ae96d7 .av-special-heading-tag{\nfont-size:25px;\n}\n.av-special-heading.av-mafv9ky2-282e5da7a526cee942f2193c28ae96d7 .special-heading-inner-border{\nborder-color:#ad1735;\n}\n.av-special-heading.av-mafv9ky2-282e5da7a526cee942f2193c28ae96d7 .av-subheading{\nfont-size:15px;\n}\n\n@media only screen and (min-width: 480px) and (max-width: 767px){ \n#top #wrap_all .av-special-heading.av-mafv9ky2-282e5da7a526cee942f2193c28ae96d7 .av-special-heading-tag{\nfont-size:0.8em;\n}\n}\n\n@media only screen and (max-width: 479px){ \n#top #wrap_all .av-special-heading.av-mafv9ky2-282e5da7a526cee942f2193c28ae96d7 .av-special-heading-tag{\nfont-size:0.8em;\n}\n}\n<\/style>\n<div  class='av-special-heading av-mafv9ky2-282e5da7a526cee942f2193c28ae96d7 av-special-heading-h3 custom-color-heading blockquote modern-quote modern-centered  avia-builder-el-16  el_after_av_image  el_before_av_textblock  av-inherit-size'><h3 class='av-special-heading-tag '  itemprop=\"headline\"  >PROCESOS METAL\u00daRGICOS COMPATIBLES: <\/h3><div class=\"special-heading-border\"><div class=\"special-heading-inner-border\"><\/div><\/div><\/div><br \/>\n\n<style type=\"text\/css\" data-created_by=\"avia_inline_auto\" id=\"style-css-av-mafv4lhz-e87728f88b9868ea1fd25086b0926700\">\n#top .av_textblock_section.av-mafv4lhz-e87728f88b9868ea1fd25086b0926700 .avia_textblock{\nfont-size:20px;\n}\n<\/style>\n<section  class='av_textblock_section av-mafv4lhz-e87728f88b9868ea1fd25086b0926700 '   itemscope=\"itemscope\" itemtype=\"https:\/\/schema.org\/CreativeWork\" ><div class='avia_textblock'  itemprop=\"text\" ><p style=\"text-align: center;\">Endurecimiento Neutro, Carburaci\u00f3n, Revenido, Sinterizado, Temple de prensa disponible<\/p>\n<\/div><\/section><\/p><\/div><div  class='flex_column av-bf3kp-790fb70e9fc243eb8c9f936d39fe452b av_one_half  avia-builder-el-18  el_after_av_one_half  avia-builder-el-last  flex_column_div  '     ><p>\n<style type=\"text\/css\" data-created_by=\"avia_inline_auto\" id=\"style-css-av-mafvjvd5-5ad14b033dfc41d83b30a70d05850278\">\n.avia-image-container.av-mafvjvd5-5ad14b033dfc41d83b30a70d05850278 img.avia_image{\nbox-shadow:none;\n}\n.avia-image-container.av-mafvjvd5-5ad14b033dfc41d83b30a70d05850278 .av-image-caption-overlay-center{\ncolor:#ffffff;\n}\n<\/style>\n<div  class='avia-image-container av-mafvjvd5-5ad14b033dfc41d83b30a70d05850278 av-styling- avia-align-center  avia-builder-el-19  el_before_av_heading  avia-builder-el-first '   itemprop=\"image\" itemscope=\"itemscope\" itemtype=\"https:\/\/schema.org\/ImageObject\" ><div class=\"avia-image-container-inner\"><div class=\"avia-image-overlay-wrap\"><img decoding=\"async\" fetchpriority=\"high\" class='wp-image-266 avia-img-lazy-loading-not-266 avia_image ' src=\"https:\/\/www.mattsa.com.mx\/wpn\/wp-content\/uploads\/2025\/05\/COMPAT.png\" alt='' title='COMPAT'  height=\"85\" width=\"125\"  itemprop=\"thumbnailUrl\"  \/><\/div><\/div><\/div><br \/>\n\n<style type=\"text\/css\" data-created_by=\"avia_inline_auto\" id=\"style-css-av-mafvbc56-234eb22ec2c247d02ac3225424ae6821\">\n#top .av-special-heading.av-mafvbc56-234eb22ec2c247d02ac3225424ae6821{\npadding-bottom:10px;\ncolor:#ad1735;\nfont-size:25px;\n}\nbody .av-special-heading.av-mafvbc56-234eb22ec2c247d02ac3225424ae6821 .av-special-heading-tag .heading-char{\nfont-size:25px;\n}\n#top #wrap_all .av-special-heading.av-mafvbc56-234eb22ec2c247d02ac3225424ae6821 .av-special-heading-tag{\nfont-size:25px;\n}\n.av-special-heading.av-mafvbc56-234eb22ec2c247d02ac3225424ae6821 .special-heading-inner-border{\nborder-color:#ad1735;\n}\n.av-special-heading.av-mafvbc56-234eb22ec2c247d02ac3225424ae6821 .av-subheading{\nfont-size:15px;\n}\n\n@media only screen and (min-width: 480px) and (max-width: 767px){ \n#top #wrap_all .av-special-heading.av-mafvbc56-234eb22ec2c247d02ac3225424ae6821 .av-special-heading-tag{\nfont-size:0.8em;\n}\n}\n\n@media only screen and (max-width: 479px){ \n#top #wrap_all .av-special-heading.av-mafvbc56-234eb22ec2c247d02ac3225424ae6821 .av-special-heading-tag{\nfont-size:0.8em;\n}\n}\n<\/style>\n<div  class='av-special-heading av-mafvbc56-234eb22ec2c247d02ac3225424ae6821 av-special-heading-h3 custom-color-heading blockquote modern-quote modern-centered  avia-builder-el-20  el_after_av_image  el_before_av_textblock  av-inherit-size'><h3 class='av-special-heading-tag '  itemprop=\"headline\"  >PRODUCTOS SUGERIDOS:<\/h3><div class=\"special-heading-border\"><div class=\"special-heading-inner-border\"><\/div><\/div><\/div><br \/>\n\n<style type=\"text\/css\" data-created_by=\"avia_inline_auto\" id=\"style-css-av-mafvbl4f-6ce0650230379a66bdbceb017549ea93\">\n#top .av_textblock_section.av-mafvbl4f-6ce0650230379a66bdbceb017549ea93 .avia_textblock{\nfont-size:20px;\n}\n<\/style>\n<section  class='av_textblock_section av-mafvbl4f-6ce0650230379a66bdbceb017549ea93 '   itemscope=\"itemscope\" itemtype=\"https:\/\/schema.org\/CreativeWork\" ><div class='avia_textblock'  itemprop=\"text\" ><p style=\"text-align: center;\">Componentes automotrices, Rodamientos, Componentes aeroespaciales, Forjas, Piezas sinterizadas<\/p>\n<\/div><\/section><\/p><\/div>\n<\/div><\/div><\/div><!-- close content main div --><\/div><\/div><\/div><div id='after_section_3'  class='main_color av_default_container_wrap container_wrap sidebar_right'  ><div class='container av-section-cont-open' ><div class='template-page content  av-content-small alpha units'><div class='post-entry post-entry-type-page post-entry-360'><div class='entry-content-wrapper clearfix'>\n","protected":false},"excerpt":{"rendered":"","protected":false},"author":2,"featured_media":0,"parent":0,"menu_order":0,"comment_status":"closed","ping_status":"closed","template":"","meta":{"footnotes":""},"class_list":["post-360","page","type-page","status-publish","hentry"],"_links":{"self":[{"href":"https:\/\/www.mattsa.com.mx\/wpn\/wp-json\/wp\/v2\/pages\/360","targetHints":{"allow":["GET"]}}],"collection":[{"href":"https:\/\/www.mattsa.com.mx\/wpn\/wp-json\/wp\/v2\/pages"}],"about":[{"href":"https:\/\/www.mattsa.com.mx\/wpn\/wp-json\/wp\/v2\/types\/page"}],"author":[{"embeddable":true,"href":"https:\/\/www.mattsa.com.mx\/wpn\/wp-json\/wp\/v2\/users\/2"}],"replies":[{"embeddable":true,"href":"https:\/\/www.mattsa.com.mx\/wpn\/wp-json\/wp\/v2\/comments?post=360"}],"version-history":[{"count":6,"href":"https:\/\/www.mattsa.com.mx\/wpn\/wp-json\/wp\/v2\/pages\/360\/revisions"}],"predecessor-version":[{"id":764,"href":"https:\/\/www.mattsa.com.mx\/wpn\/wp-json\/wp\/v2\/pages\/360\/revisions\/764"}],"wp:attachment":[{"href":"https:\/\/www.mattsa.com.mx\/wpn\/wp-json\/wp\/v2\/media?parent=360"}],"curies":[{"name":"wp","href":"https:\/\/api.w.org\/{rel}","templated":true}]}}